{"id":1954,"date":"2023-10-30T00:52:59","date_gmt":"2023-10-30T00:52:59","guid":{"rendered":"https:\/\/plasmaticocr.com\/?page_id=1954"},"modified":"2024-07-24T23:45:34","modified_gmt":"2024-07-24T23:45:34","slug":"proyectos","status":"publish","type":"page","link":"https:\/\/plasmaticocr.com\/ingles\/proyectos\/","title":{"rendered":"Projects"},"content":{"rendered":"<div data-elementor-type=\"wp-page\" data-elementor-id=\"1954\" class=\"elementor elementor-1954\">\n\t\t\t\t\t\t<section class=\"elementor-section elementor-top-section elementor-element elementor-element-2dac8bb elementor-section-boxed elementor-section-height-default elementor-section-height-default\" data-id=\"2dac8bb\" data-element_type=\"section\" data-e-type=\"section\">\n\t\t\t\t\t\t<div class=\"elementor-container elementor-column-gap-default\">\n\t\t\t\t\t<div class=\"elementor-column elementor-col-100 elementor-top-column elementor-element elementor-element-8876dc8\" data-id=\"8876dc8\" data-element_type=\"column\" data-e-type=\"column\">\n\t\t\t<div class=\"elementor-widget-wrap elementor-element-populated\">\n\t\t\t\t\t\t<div class=\"elementor-element elementor-element-906ba26 elementor-widget elementor-widget-wgl-double-headings\" data-id=\"906ba26\" data-element_type=\"widget\" data-e-type=\"widget\" data-widget_type=\"wgl-double-headings.default\">\n\t\t\t\t<div class=\"elementor-widget-container\">\n\t\t\t\t\t<div class=\"wgl-double_heading aleft\"><div class=\"dbl-subtitle\"><span>Project portfolio<\/span><\/div>                <h3 class=\"dbl-title_wrapper\"><span class=\"dbl-title dbl-title_1\">Our work<\/span>                 <\/h3>        <\/div>\t\t\t\t<\/div>\n\t\t\t\t<\/div>\n\t\t\t\t\t<\/div>\n\t\t<\/div>\n\t\t\t\t\t<\/div>\n\t\t<\/section>\n\t\t\t\t<section class=\"elementor-section elementor-top-section elementor-element elementor-element-c7d9513 elementor-section-boxed elementor-section-height-default elementor-section-height-default\" data-id=\"c7d9513\" data-element_type=\"section\" data-e-type=\"section\">\n\t\t\t\t\t\t<div class=\"elementor-container elementor-column-gap-default\">\n\t\t\t\t\t<div class=\"elementor-column elementor-col-100 elementor-top-column elementor-element elementor-element-e9dd95c\" data-id=\"e9dd95c\" data-element_type=\"column\" data-e-type=\"column\">\n\t\t\t<div class=\"elementor-widget-wrap elementor-element-populated\">\n\t\t\t\t\t\t<div class=\"elementor-element elementor-element-c1cf8fd elementor-widget elementor-widget-spacer\" data-id=\"c1cf8fd\" data-element_type=\"widget\" data-e-type=\"widget\" data-widget_type=\"spacer.default\">\n\t\t\t\t<div class=\"elementor-widget-container\">\n\t\t\t\t\t\t\t<div class=\"elementor-spacer\">\n\t\t\t<div class=\"elementor-spacer-inner\"><\/div>\n\t\t<\/div>\n\t\t\t\t\t\t<\/div>\n\t\t\t\t<\/div>\n\t\t\t\t\t<\/div>\n\t\t<\/div>\n\t\t\t\t\t<\/div>\n\t\t<\/section>\n\t\t\t\t<section class=\"elementor-section elementor-top-section elementor-element elementor-element-d017ef8 elementor-section-boxed elementor-section-height-default elementor-section-height-default\" data-id=\"d017ef8\" data-element_type=\"section\" data-e-type=\"section\">\n\t\t\t\t\t\t<div class=\"elementor-container elementor-column-gap-default\">\n\t\t\t\t\t<div class=\"elementor-column elementor-col-100 elementor-top-column elementor-element elementor-element-0d83c81\" data-id=\"0d83c81\" data-element_type=\"column\" data-e-type=\"column\">\n\t\t\t<div class=\"elementor-widget-wrap elementor-element-populated\">\n\t\t\t\t\t\t<div class=\"elementor-element elementor-element-5b872b0 elementor-widget elementor-widget-wgl-portfolio\" data-id=\"5b872b0\" data-element_type=\"widget\" data-e-type=\"widget\" data-widget_type=\"wgl-portfolio.default\">\n\t\t\t\t<div class=\"elementor-widget-container\">\n\t\t\t\t\t<section class=\"wgl_cpt_section\"><div class=\"wgl-portfolio\" id=\"portfolio_module_69fdfde39d163\"><div class=\"portfolio__filter isotope-filter filter-left\"><a href=\"#\" data-filter=\".item\" class=\"active\">All<span class=\"number_filter\"><\/span><\/a><a href=\"https:\/\/plasmaticocr.com\/ingles\/portfolio-category\/branding-design\/\" data-filter=\".branding-design\">Branding Design<span class=\"number_filter\"><\/span><\/a><a href=\"https:\/\/plasmaticocr.com\/ingles\/portfolio-category\/diseno-editorial\/\" data-filter=\".diseno-editorial\">Editorial Design<span class=\"number_filter\"><\/span><\/a><a href=\"https:\/\/plasmaticocr.com\/ingles\/portfolio-category\/fotografia\/\" data-filter=\".fotografia\">Fotograf\u00eda<span class=\"number_filter\"><\/span><\/a><a href=\"https:\/\/plasmaticocr.com\/ingles\/portfolio-category\/social-media\/\" data-filter=\".social-media\">Social Media Marketing<span class=\"number_filter\"><\/span><\/a><a href=\"https:\/\/plasmaticocr.com\/ingles\/portfolio-category\/web-design\/\" data-filter=\".web-design\">Web Design<span class=\"number_filter\"><\/span><\/a><\/div><div class=\"wgl-portfolio_wrapper\"><div class=\"wgl-portfolio_container container-grid row isotope portfolio_columns-3 appear-animation anim-zoom\"  style=\"margin-right:-2.5px; margin-left:-2.5px; margin-bottom:-5px;\"><article class=\"wgl-portfolio-list_item item wgl_col-4 branding-masonry branding-design\"  style=\"padding-right:2.5px; padding-left:2.5px; padding-bottom:5px\"><div class=\"wgl-portfolio-item_wrapper inside_image simple_animation\"><div class=\"wgl-portfolio-item_image\"><img decoding=\"async\"  src=\"https:\/\/plasmaticocr.com\/wp-content\/uploads\/2025\/03\/Behance-bosque-danzante-marzo2025-plasmatico-01-740x740.png\"  alt=\"\" \/><\/div><div class=\"wgl-portfolio-item_description\"><div class=\"wgl-portfolio-item_description-inner\"><div class=\"wgl-portfolio-item_title\"><h4 class=\"title\"><a href=\"https:\/\/plasmaticocr.com\/ingles\/portfolio\/bosque-danzante\/\"   aria-label=\"Visit\">Bosque Danzante<\/a><\/h4><\/div><div class=\"wgl-portfolio-item_meta\"><span class=\"post_cats\"><a href=\"https:\/\/plasmaticocr.com\/ingles\/portfolio-category\/branding-masonry\/\" class=\"portfolio-category\">Branding<\/a><span class=\"delimiter-comma\">,<\/span><a href=\"https:\/\/plasmaticocr.com\/ingles\/portfolio-category\/branding-design\/\" class=\"portfolio-category\">Branding Design<\/a><\/span><\/div><\/div><a href='https:\/\/plasmaticocr.com\/ingles\/portfolio\/bosque-danzante\/' class='portfolio_link single_link' aria-label='Visit Portfolio'><\/a><\/div><div class=\"overlay\"><\/div><\/div><\/article><article class=\"wgl-portfolio-list_item item wgl_col-4 diseno-editorial\"  style=\"padding-right:2.5px; padding-left:2.5px; padding-bottom:5px\"><div class=\"wgl-portfolio-item_wrapper inside_image simple_animation\"><div class=\"wgl-portfolio-item_image\"><img decoding=\"async\"  src=\"https:\/\/plasmaticocr.com\/wp-content\/uploads\/2024\/02\/Proyecto_SAMAR-GIZ_Plasmatico-Media-Lab_1-740x740.jpg\"  alt=\"\" \/><\/div><div class=\"wgl-portfolio-item_description\"><div class=\"wgl-portfolio-item_description-inner\"><div class=\"wgl-portfolio-item_title\"><h4 class=\"title\"><a href=\"https:\/\/plasmaticocr.com\/ingles\/portfolio\/samar\/\"   aria-label=\"Visit\">Programa de capacitaci\u00f3n y sensibilizaci\u00f3n SAMAR<\/a><\/h4><\/div><div class=\"wgl-portfolio-item_meta\"><span class=\"post_cats\"><a href=\"https:\/\/plasmaticocr.com\/ingles\/portfolio-category\/diseno-editorial\/\" class=\"portfolio-category\">Editorial Design<\/a><\/span><\/div><\/div><a href='https:\/\/plasmaticocr.com\/ingles\/portfolio\/samar\/' class='portfolio_link single_link' aria-label='Visit Portfolio'><\/a><\/div><div class=\"overlay\"><\/div><\/div><\/article><article class=\"wgl-portfolio-list_item item wgl_col-4 branding-design social-media\"  style=\"padding-right:2.5px; padding-left:2.5px; padding-bottom:5px\"><div class=\"wgl-portfolio-item_wrapper inside_image simple_animation\"><div class=\"wgl-portfolio-item_image\"><img decoding=\"async\"  src=\"https:\/\/plasmaticocr.com\/wp-content\/uploads\/2024\/02\/Proyecto_KT-AFP_Plasmatico-Media-Lab_6-740x740.jpg\"  alt=\"\" \/><\/div><div class=\"wgl-portfolio-item_description\"><div class=\"wgl-portfolio-item_description-inner\"><div class=\"wgl-portfolio-item_title\"><h4 class=\"title\"><a href=\"https:\/\/plasmaticocr.com\/ingles\/portfolio\/kt-antigravity-fisioterapia-pilates\/\"   aria-label=\"Visit\">KT Fisioterapia<\/a><\/h4><\/div><div class=\"wgl-portfolio-item_meta\"><span class=\"post_cats\"><a href=\"https:\/\/plasmaticocr.com\/ingles\/portfolio-category\/branding-design\/\" class=\"portfolio-category\">Branding Design<\/a><span class=\"delimiter-comma\">,<\/span><a href=\"https:\/\/plasmaticocr.com\/ingles\/portfolio-category\/social-media\/\" class=\"portfolio-category\">Social Media Marketing<\/a><\/span><\/div><\/div><a href='https:\/\/plasmaticocr.com\/ingles\/portfolio\/kt-antigravity-fisioterapia-pilates\/' class='portfolio_link single_link' aria-label='Visit Portfolio'><\/a><\/div><div class=\"overlay\"><\/div><\/div><\/article><article class=\"wgl-portfolio-list_item item wgl_col-4 branding-design fotografia social-media\"  style=\"padding-right:2.5px; padding-left:2.5px; padding-bottom:5px\"><div class=\"wgl-portfolio-item_wrapper inside_image simple_animation\"><div class=\"wgl-portfolio-item_image\"><img decoding=\"async\"  src=\"https:\/\/plasmaticocr.com\/wp-content\/uploads\/2024\/02\/Proyecto_HPB-Surgery_Plasmatico-Media-Lab_4-740x740.jpg\"  alt=\"\" \/><\/div><div class=\"wgl-portfolio-item_description\"><div class=\"wgl-portfolio-item_description-inner\"><div class=\"wgl-portfolio-item_title\"><h4 class=\"title\"><a href=\"https:\/\/plasmaticocr.com\/ingles\/portfolio\/hpb-surgery\/\"   aria-label=\"Visit\">HPB Surgery<\/a><\/h4><\/div><div class=\"wgl-portfolio-item_meta\"><span class=\"post_cats\"><a href=\"https:\/\/plasmaticocr.com\/ingles\/portfolio-category\/branding-design\/\" class=\"portfolio-category\">Branding Design<\/a><span class=\"delimiter-comma\">,<\/span><a href=\"https:\/\/plasmaticocr.com\/ingles\/portfolio-category\/fotografia\/\" class=\"portfolio-category\">Fotograf\u00eda<\/a><span class=\"delimiter-comma\">,<\/span><a href=\"https:\/\/plasmaticocr.com\/ingles\/portfolio-category\/social-media\/\" class=\"portfolio-category\">Social Media Marketing<\/a><\/span><\/div><\/div><a href='https:\/\/plasmaticocr.com\/ingles\/portfolio\/hpb-surgery\/' class='portfolio_link single_link' aria-label='Visit Portfolio'><\/a><\/div><div class=\"overlay\"><\/div><\/div><\/article><article class=\"wgl-portfolio-list_item item wgl_col-4 branding-design fotografia social-media web-design\"  style=\"padding-right:2.5px; padding-left:2.5px; padding-bottom:5px\"><div class=\"wgl-portfolio-item_wrapper inside_image simple_animation\"><div class=\"wgl-portfolio-item_image\"><img decoding=\"async\"  src=\"https:\/\/plasmaticocr.com\/wp-content\/uploads\/2024\/02\/Proyecto_Grupo-Oncologico-Hope_Plasmatico-Media-Lab_4-740x740.jpg\"  alt=\"\" \/><\/div><div class=\"wgl-portfolio-item_description\"><div class=\"wgl-portfolio-item_description-inner\"><div class=\"wgl-portfolio-item_title\"><h4 class=\"title\"><a href=\"https:\/\/plasmaticocr.com\/ingles\/portfolio\/grupo-oncologico-hope\/\"   aria-label=\"Visit\">Grupo Oncol\u00f3gico Hope<\/a><\/h4><\/div><div class=\"wgl-portfolio-item_meta\"><span class=\"post_cats\"><a href=\"https:\/\/plasmaticocr.com\/ingles\/portfolio-category\/branding-design\/\" class=\"portfolio-category\">Branding Design<\/a><span class=\"delimiter-comma\">,<\/span><a href=\"https:\/\/plasmaticocr.com\/ingles\/portfolio-category\/fotografia\/\" class=\"portfolio-category\">Fotograf\u00eda<\/a><span class=\"delimiter-comma\">,<\/span><a href=\"https:\/\/plasmaticocr.com\/ingles\/portfolio-category\/social-media\/\" class=\"portfolio-category\">Social Media Marketing<\/a><span class=\"delimiter-comma\">,<\/span><a href=\"https:\/\/plasmaticocr.com\/ingles\/portfolio-category\/web-design\/\" class=\"portfolio-category\">Web Design<\/a><\/span><\/div><\/div><a href='https:\/\/plasmaticocr.com\/ingles\/portfolio\/grupo-oncologico-hope\/' class='portfolio_link single_link' aria-label='Visit Portfolio'><\/a><\/div><div class=\"overlay\"><\/div><\/div><\/article><article class=\"wgl-portfolio-list_item item wgl_col-4 mobile ui-ux web-design\"  style=\"padding-right:2.5px; padding-left:2.5px; padding-bottom:5px\"><div class=\"wgl-portfolio-item_wrapper inside_image simple_animation\"><div class=\"wgl-portfolio-item_image\"><img decoding=\"async\"  src=\"https:\/\/plasmaticocr.com\/wp-content\/uploads\/2023\/11\/Montaje-para-Web-Sanchez-y-Piedra-1-740x740.jpg\"  alt=\"\" \/><\/div><div class=\"wgl-portfolio-item_description\"><div class=\"wgl-portfolio-item_description-inner\"><div class=\"wgl-portfolio-item_title\"><h4 class=\"title\"><a href=\"https:\/\/plasmaticocr.com\/ingles\/portfolio\/platilla-portafolio-plasmatico\/\"   aria-label=\"Visit\">Desarrollo Web: S\u00e1nchez &#038; Piedra<\/a><\/h4><\/div><div class=\"wgl-portfolio-item_meta\"><span class=\"post_cats\"><a href=\"https:\/\/plasmaticocr.com\/ingles\/portfolio-category\/mobile\/\" class=\"portfolio-category\">Mobile<\/a><span class=\"delimiter-comma\">,<\/span><a href=\"https:\/\/plasmaticocr.com\/ingles\/portfolio-category\/ui-ux\/\" class=\"portfolio-category\">UI\/UX<\/a><span class=\"delimiter-comma\">,<\/span><a href=\"https:\/\/plasmaticocr.com\/ingles\/portfolio-category\/web-design\/\" class=\"portfolio-category\">Web Design<\/a><\/span><\/div><\/div><a href='https:\/\/plasmaticocr.com\/ingles\/portfolio\/platilla-portafolio-plasmatico\/' class='portfolio_link single_link' aria-label='Visit Portfolio'><\/a><\/div><div class=\"overlay\"><\/div><\/div><\/article><\/div><\/div><\/div><\/section>\t\t\t\t<\/div>\n\t\t\t\t<\/div>\n\t\t\t\t\t<\/div>\n\t\t<\/div>\n\t\t\t\t\t<\/div>\n\t\t<\/section>\n\t\t\t\t<\/div>","protected":false},"excerpt":{"rendered":"<p>Portafolio de proyectos Nuestro trabajo AllBranding DesignDise\u00f1o EditorialFotograf\u00edaSocial Media MarketingWeb Design Programa de capacitaci\u00f3n y sensibilizaci\u00f3n SAMAR Dise\u00f1o Editorial KT Fisioterapia Branding Design,Social Media Marketing HPB Surgery Branding Design,Fotograf\u00eda,Social Media Marketing Grupo Oncol\u00f3gico Hope Branding Design,Fotograf\u00eda,Social Media Marketing,Web Design Desarrollo Web: S\u00e1nchez &#038; Piedra Mobile,UI\/UX,Web Design<\/p>","protected":false},"author":1,"featured_media":0,"parent":0,"menu_order":0,"comment_status":"closed","ping_status":"closed","template":"","meta":{"footnotes":""},"class_list":["post-1954","page","type-page","status-publish","hentry"],"yoast_head":"<!-- This site is optimized with the Yoast SEO plugin v27.5 - https:\/\/yoast.com\/product\/yoast-seo-wordpress\/ -->\n<title>Proyectos - Plasmatico Media Lab.<\/title>\n<meta name=\"robots\" content=\"index, follow, max-snippet:-1, max-image-preview:large, max-video-preview:-1\" \/>\n<link rel=\"canonical\" href=\"https:\/\/plasmaticocr.com\/ingles\/proyectos\/\" \/>\n<meta property=\"og:locale\" content=\"en_US\" \/>\n<meta property=\"og:type\" content=\"article\" \/>\n<meta property=\"og:title\" content=\"Proyectos - Plasmatico Media Lab.\" \/>\n<meta property=\"og:description\" content=\"Portafolio de proyectos Nuestro trabajo AllBranding DesignDise\u00f1o EditorialFotograf\u00edaSocial Media MarketingWeb Design Programa de capacitaci\u00f3n y sensibilizaci\u00f3n SAMAR Dise\u00f1o Editorial KT Fisioterapia Branding Design,Social Media Marketing HPB Surgery Branding Design,Fotograf\u00eda,Social Media Marketing Grupo Oncol\u00f3gico Hope Branding Design,Fotograf\u00eda,Social Media Marketing,Web Design Desarrollo Web: S\u00e1nchez &#038; Piedra Mobile,UI\/UX,Web Design\" \/>\n<meta property=\"og:url\" content=\"https:\/\/plasmaticocr.com\/ingles\/proyectos\/\" \/>\n<meta property=\"og:site_name\" content=\"Plasmatico Media Lab.\" \/>\n<meta property=\"article:publisher\" content=\"https:\/\/www.facebook.com\/plasmaticoml\" \/>\n<meta property=\"article:modified_time\" content=\"2024-07-24T23:45:34+00:00\" \/>\n<meta property=\"og:image\" content=\"https:\/\/plasmaticocr.com\/uploads\/2024\/02\/Proyecto_SAMAR-GIZ_Plasmatico-Media-Lab_1.jpg\" \/>\n<meta name=\"twitter:card\" content=\"summary_large_image\" \/>\n<script type=\"application\/ld+json\" class=\"yoast-schema-graph\">{\"@context\":\"https:\\\/\\\/schema.org\",\"@graph\":[{\"@type\":\"WebPage\",\"@id\":\"https:\\\/\\\/plasmaticocr.com\\\/proyectos\\\/\",\"url\":\"https:\\\/\\\/plasmaticocr.com\\\/proyectos\\\/\",\"name\":\"Proyectos - Plasmatico Media Lab.\",\"isPartOf\":{\"@id\":\"https:\\\/\\\/plasmaticocr.com\\\/#website\"},\"primaryImageOfPage\":{\"@id\":\"https:\\\/\\\/plasmaticocr.com\\\/proyectos\\\/#primaryimage\"},\"image\":{\"@id\":\"https:\\\/\\\/plasmaticocr.com\\\/proyectos\\\/#primaryimage\"},\"thumbnailUrl\":\"https:\\\/\\\/plasmaticocr.com\\\/uploads\\\/2024\\\/02\\\/Proyecto_SAMAR-GIZ_Plasmatico-Media-Lab_1.jpg\",\"datePublished\":\"2023-10-30T00:52:59+00:00\",\"dateModified\":\"2024-07-24T23:45:34+00:00\",\"breadcrumb\":{\"@id\":\"https:\\\/\\\/plasmaticocr.com\\\/proyectos\\\/#breadcrumb\"},\"inLanguage\":\"en-US\",\"potentialAction\":[{\"@type\":\"ReadAction\",\"target\":[\"https:\\\/\\\/plasmaticocr.com\\\/proyectos\\\/\"]}]},{\"@type\":\"ImageObject\",\"inLanguage\":\"en-US\",\"@id\":\"https:\\\/\\\/plasmaticocr.com\\\/proyectos\\\/#primaryimage\",\"url\":\"https:\\\/\\\/plasmaticocr.com\\\/uploads\\\/2024\\\/02\\\/Proyecto_SAMAR-GIZ_Plasmatico-Media-Lab_1.jpg\",\"contentUrl\":\"https:\\\/\\\/plasmaticocr.com\\\/uploads\\\/2024\\\/02\\\/Proyecto_SAMAR-GIZ_Plasmatico-Media-Lab_1.jpg\"},{\"@type\":\"BreadcrumbList\",\"@id\":\"https:\\\/\\\/plasmaticocr.com\\\/proyectos\\\/#breadcrumb\",\"itemListElement\":[{\"@type\":\"ListItem\",\"position\":1,\"name\":\"Portada\",\"item\":\"https:\\\/\\\/plasmaticocr.com\\\/\"},{\"@type\":\"ListItem\",\"position\":2,\"name\":\"Proyectos\"}]},{\"@type\":\"WebSite\",\"@id\":\"https:\\\/\\\/plasmaticocr.com\\\/#website\",\"url\":\"https:\\\/\\\/plasmaticocr.com\\\/\",\"name\":\"Plasmatico Media Lab.\",\"description\":\"Agencia especializada en Social Media.\",\"publisher\":{\"@id\":\"https:\\\/\\\/plasmaticocr.com\\\/#organization\"},\"potentialAction\":[{\"@type\":\"SearchAction\",\"target\":{\"@type\":\"EntryPoint\",\"urlTemplate\":\"https:\\\/\\\/plasmaticocr.com\\\/?s={search_term_string}\"},\"query-input\":{\"@type\":\"PropertyValueSpecification\",\"valueRequired\":true,\"valueName\":\"search_term_string\"}}],\"inLanguage\":\"en-US\"},{\"@type\":\"Organization\",\"@id\":\"https:\\\/\\\/plasmaticocr.com\\\/#organization\",\"name\":\"Plasmatico Media Lab.\",\"url\":\"https:\\\/\\\/plasmaticocr.com\\\/\",\"logo\":{\"@type\":\"ImageObject\",\"inLanguage\":\"en-US\",\"@id\":\"https:\\\/\\\/plasmaticocr.com\\\/#\\\/schema\\\/logo\\\/image\\\/\",\"url\":\"https:\\\/\\\/plasmaticocr.com\\\/wp-content\\\/uploads\\\/2023\\\/10\\\/Logo_Header-Footer_Plasmatico.svg\",\"contentUrl\":\"https:\\\/\\\/plasmaticocr.com\\\/wp-content\\\/uploads\\\/2023\\\/10\\\/Logo_Header-Footer_Plasmatico.svg\",\"width\":259,\"height\":64,\"caption\":\"Plasmatico Media Lab.\"},\"image\":{\"@id\":\"https:\\\/\\\/plasmaticocr.com\\\/#\\\/schema\\\/logo\\\/image\\\/\"},\"sameAs\":[\"https:\\\/\\\/www.facebook.com\\\/plasmaticoml\"]}]}<\/script>\n<!-- \/ Yoast SEO plugin. -->","yoast_head_json":{"title":"Proyectos - Plasmatico Media Lab.","robots":{"index":"index","follow":"follow","max-snippet":"max-snippet:-1","max-image-preview":"max-image-preview:large","max-video-preview":"max-video-preview:-1"},"canonical":"https:\/\/plasmaticocr.com\/ingles\/proyectos\/","og_locale":"en_US","og_type":"article","og_title":"Proyectos - Plasmatico Media Lab.","og_description":"Portafolio de proyectos Nuestro trabajo AllBranding DesignDise\u00f1o EditorialFotograf\u00edaSocial Media MarketingWeb Design Programa de capacitaci\u00f3n y sensibilizaci\u00f3n SAMAR Dise\u00f1o Editorial KT Fisioterapia Branding Design,Social Media Marketing HPB Surgery Branding Design,Fotograf\u00eda,Social Media Marketing Grupo Oncol\u00f3gico Hope Branding Design,Fotograf\u00eda,Social Media Marketing,Web Design Desarrollo Web: S\u00e1nchez &#038; Piedra Mobile,UI\/UX,Web Design","og_url":"https:\/\/plasmaticocr.com\/ingles\/proyectos\/","og_site_name":"Plasmatico Media Lab.","article_publisher":"https:\/\/www.facebook.com\/plasmaticoml","article_modified_time":"2024-07-24T23:45:34+00:00","og_image":[{"url":"https:\/\/plasmaticocr.com\/uploads\/2024\/02\/Proyecto_SAMAR-GIZ_Plasmatico-Media-Lab_1.jpg","type":"","width":"","height":""}],"twitter_card":"summary_large_image","schema":{"@context":"https:\/\/schema.org","@graph":[{"@type":"WebPage","@id":"https:\/\/plasmaticocr.com\/proyectos\/","url":"https:\/\/plasmaticocr.com\/proyectos\/","name":"Proyectos - Plasmatico Media Lab.","isPartOf":{"@id":"https:\/\/plasmaticocr.com\/#website"},"primaryImageOfPage":{"@id":"https:\/\/plasmaticocr.com\/proyectos\/#primaryimage"},"image":{"@id":"https:\/\/plasmaticocr.com\/proyectos\/#primaryimage"},"thumbnailUrl":"https:\/\/plasmaticocr.com\/uploads\/2024\/02\/Proyecto_SAMAR-GIZ_Plasmatico-Media-Lab_1.jpg","datePublished":"2023-10-30T00:52:59+00:00","dateModified":"2024-07-24T23:45:34+00:00","breadcrumb":{"@id":"https:\/\/plasmaticocr.com\/proyectos\/#breadcrumb"},"inLanguage":"en-US","potentialAction":[{"@type":"ReadAction","target":["https:\/\/plasmaticocr.com\/proyectos\/"]}]},{"@type":"ImageObject","inLanguage":"en-US","@id":"https:\/\/plasmaticocr.com\/proyectos\/#primaryimage","url":"https:\/\/plasmaticocr.com\/uploads\/2024\/02\/Proyecto_SAMAR-GIZ_Plasmatico-Media-Lab_1.jpg","contentUrl":"https:\/\/plasmaticocr.com\/uploads\/2024\/02\/Proyecto_SAMAR-GIZ_Plasmatico-Media-Lab_1.jpg"},{"@type":"BreadcrumbList","@id":"https:\/\/plasmaticocr.com\/proyectos\/#breadcrumb","itemListElement":[{"@type":"ListItem","position":1,"name":"Portada","item":"https:\/\/plasmaticocr.com\/"},{"@type":"ListItem","position":2,"name":"Proyectos"}]},{"@type":"WebSite","@id":"https:\/\/plasmaticocr.com\/#website","url":"https:\/\/plasmaticocr.com\/","name":"Plasmatico Media Lab.","description":"Agencia especializada en Social Media.","publisher":{"@id":"https:\/\/plasmaticocr.com\/#organization"},"potentialAction":[{"@type":"SearchAction","target":{"@type":"EntryPoint","urlTemplate":"https:\/\/plasmaticocr.com\/?s={search_term_string}"},"query-input":{"@type":"PropertyValueSpecification","valueRequired":true,"valueName":"search_term_string"}}],"inLanguage":"en-US"},{"@type":"Organization","@id":"https:\/\/plasmaticocr.com\/#organization","name":"Plasmatico Media Lab.","url":"https:\/\/plasmaticocr.com\/","logo":{"@type":"ImageObject","inLanguage":"en-US","@id":"https:\/\/plasmaticocr.com\/#\/schema\/logo\/image\/","url":"https:\/\/plasmaticocr.com\/wp-content\/uploads\/2023\/10\/Logo_Header-Footer_Plasmatico.svg","contentUrl":"https:\/\/plasmaticocr.com\/wp-content\/uploads\/2023\/10\/Logo_Header-Footer_Plasmatico.svg","width":259,"height":64,"caption":"Plasmatico Media Lab."},"image":{"@id":"https:\/\/plasmaticocr.com\/#\/schema\/logo\/image\/"},"sameAs":["https:\/\/www.facebook.com\/plasmaticoml"]}]}},"_links":{"self":[{"href":"https:\/\/plasmaticocr.com\/ingles\/wp-json\/wp\/v2\/pages\/1954","targetHints":{"allow":["GET"]}}],"collection":[{"href":"https:\/\/plasmaticocr.com\/ingles\/wp-json\/wp\/v2\/pages"}],"about":[{"href":"https:\/\/plasmaticocr.com\/ingles\/wp-json\/wp\/v2\/types\/page"}],"author":[{"embeddable":true,"href":"https:\/\/plasmaticocr.com\/ingles\/wp-json\/wp\/v2\/users\/1"}],"replies":[{"embeddable":true,"href":"https:\/\/plasmaticocr.com\/ingles\/wp-json\/wp\/v2\/comments?post=1954"}],"version-history":[{"count":0,"href":"https:\/\/plasmaticocr.com\/ingles\/wp-json\/wp\/v2\/pages\/1954\/revisions"}],"wp:attachment":[{"href":"https:\/\/plasmaticocr.com\/ingles\/wp-json\/wp\/v2\/media?parent=1954"}],"curies":[{"name":"wp","href":"https:\/\/api.w.org\/{rel}","templated":true}]}}